{"id":6247,"date":"2025-04-13T21:02:11","date_gmt":"2025-04-14T02:02:11","guid":{"rendered":"https:\/\/demos.gredich.com\/soulmateinn\/?page_id=6247"},"modified":"2026-02-05T20:42:43","modified_gmt":"2026-02-06T01:42:43","slug":"corporativo","status":"publish","type":"page","link":"https:\/\/www.soulmate-inn.com\/zh\/corporativo\/","title":{"rendered":"\u4f01\u4e1a"},"content":{"rendered":"<div data-elementor-type=\"wp-page\" data-elementor-id=\"6247\" class=\"elementor elementor-6247\" data-elementor-post-type=\"page\">\n\t\t\t\t<div class=\"elementor-element elementor-element-d84ecad e-flex e-con-boxed e-con e-parent\" data-id=\"d84ecad\" data-element_type=\"container\">\n\t\t\t\t\t<div class=\"e-con-inner\">\n\t\t\t\t<div class=\"elementor-element elementor-element-c689260 elementor-widget elementor-widget-heading\" data-id=\"c689260\" data-element_type=\"widget\" data-widget_type=\"heading.default\">\n\t\t\t\t\t<h2 class=\"elementor-heading-title elementor-size-default\">\u9069\u7528\u65bc\u4f01\u696d\u4f4f\u5bbf<\/h2>\t\t\t\t<\/div>\n\t\t\t\t<div class=\"elementor-element elementor-element-6a43fbd elementor-widget__width-initial elementor-widget elementor-widget-text-editor\" data-id=\"6a43fbd\" data-element_type=\"widget\" data-widget_type=\"text-editor.default\">\n\t\t\t\t\t\t\t\t\t<p class=\"translation-block\">\u6211\u5011\u4e86\u89e3\u516c\u53f8\u548c\u4f01\u696d\u65c5\u5ba2\u7684\u7279\u6b8a\u9700\u6c42\u3002\u5982\u679c\u60a8\u7684\u5718\u968a\u6216\u516c\u53f8\u9700\u8981\u5ef6\u9577\u4f4f\u5bbf\u6642\u9593\uff0c\u6216\u662f\u9700\u8981\u591a\u4f4d\u54e1\u5de5\u4f4f\u5bbf\uff0c\u6211\u5011\u6703\u91dd\u5c0d\u60a8\u7684\u9700\u6c42\u63d0\u4f9b\u5c08\u5c6c\u50f9\u683c\u8207\u670d\u52d9\u3002<\/p><p class=\"translation-block\">\u586b\u5beb\u806f\u7d61\u8868\u55ae\uff0c\u60a8\u5c07\u6536\u5230\u4e00\u4efd\u500b\u4eba\u5316\u7684\u5831\u50f9\uff0c\u8b93\u60a8\u7684\u4f01\u696d\u4f4f\u5bbf\u8212\u9069\u3001\u6709\u6548\u7387\u4e14\u7b26\u5408\u6210\u672c\u6548\u76ca\u3002 \u6211\u5011\u6703\u8655\u7406\u6240\u6709\u7d30\u7bc0\uff0c\u8b93\u60a8\u7684\u5718\u968a\u80fd\u5c08\u6ce8\u65bc\u91cd\u8981\u7684\u4e8b\u60c5!<\/p><p><!-- notionvc: dd6d45c5-ca4b-4e92-95eb-d07478e6d01e --><\/p>\t\t\t\t\t\t\t\t<\/div>\n\t\t\t\t<div class=\"elementor-element elementor-element-6662be9 elementor-button-align-stretch elementor-widget elementor-widget-form\" data-id=\"6662be9\" data-element_type=\"widget\" data-settings=\"{&quot;step_next_label&quot;:&quot;Next&quot;,&quot;step_previous_label&quot;:&quot;Previous&quot;,&quot;button_width&quot;:&quot;100&quot;,&quot;step_type&quot;:&quot;number_text&quot;,&quot;step_icon_shape&quot;:&quot;circle&quot;}\" data-widget_type=\"form.default\">\n\t\t\t\t\t\t\t<form class=\"elementor-form\" method=\"post\" id=\"e_form_corporate\" name=\"Corporativo\" aria-label=\"\u4f01\u4e1a\" action=\"\">\n\t\t\t<input type=\"hidden\" name=\"post_id\" value=\"6247\"\/>\n\t\t\t<input type=\"hidden\" name=\"form_id\" value=\"6662be9\"\/>\n\t\t\t<input type=\"hidden\" name=\"referer_title\" value=\"Corporativo &raquo; Hotel Soul Mate Inn \ud83c\udf1f\ud83c\udf1f\ud83c\udf1f\" \/>\n\n\t\t\t\t\t\t\t<input type=\"hidden\" name=\"queried_id\" value=\"6247\"\/>\n\t\t\t\n\t\t\t<div class=\"elementor-form-fields-wrapper elementor-labels-above\">\n\t\t\t\t\t\t\t\t<div class=\"elementor-field-type-text elementor-field-group elementor-column elementor-field-group-Nombre elementor-col-50 elementor-field-required elementor-mark-required\">\n\t\t\t\t\t\t\t\t\t\t\t\t<label for=\"form-field-Nombre\" class=\"elementor-field-label\">\n\t\t\t\t\t\t\t\t\u5168\u540d\t\t\t\t\t\t\t<\/label>\n\t\t\t\t\t\t\t\t\t\t\t\t\t\t<input size=\"1\" type=\"text\" name=\"form_fields[Nombre]\" id=\"form-field-Nombre\" class=\"elementor-field elementor-size-sm  elementor-field-textual\" placeholder=\"\u7075\u9b42\u4f34\u4fa3\u9152\u5e97\" required=\"required\">\n\t\t\t\t\t\t\t\t\t\t\t<\/div>\n\t\t\t\t\t\t\t\t<div class=\"elementor-field-type-text elementor-field-group elementor-column elementor-field-group-Telefono elementor-col-50 elementor-field-required elementor-mark-required\">\n\t\t\t\t\t\t\t\t\t\t\t\t<label for=\"form-field-Telefono\" class=\"elementor-field-label\">\n\t\t\t\t\t\t\t\t\u7ec6\u80de\u7684\u5e94\u7528\u7535\u62a5\t\t\t\t\t\t\t<\/label>\n\t\t\t\t\t\t\t\t\t\t\t\t\t\t<input size=\"1\" type=\"text\" name=\"form_fields[Telefono]\" id=\"form-field-Telefono\" class=\"elementor-field elementor-size-sm  elementor-field-textual\" placeholder=\"+51 969 194 291\" required=\"required\">\n\t\t\t\t\t\t\t\t\t\t\t<\/div>\n\t\t\t\t\t\t\t\t<div class=\"elementor-field-type-email elementor-field-group elementor-column elementor-field-group-Email elementor-col-50 elementor-field-required elementor-mark-required\">\n\t\t\t\t\t\t\t\t\t\t\t\t<label for=\"form-field-Email\" class=\"elementor-field-label\">\n\t\t\t\t\t\t\t\t\u7535\u5b50\u90ae\u4ef6\t\t\t\t\t\t\t<\/label>\n\t\t\t\t\t\t\t\t\t\t\t\t\t\t<input size=\"1\" type=\"email\" name=\"form_fields[Email]\" id=\"form-field-Email\" class=\"elementor-field elementor-size-sm  elementor-field-textual\" placeholder=\"reservas@soulmate-inn.com\" required=\"required\">\n\t\t\t\t\t\t\t\t\t\t\t<\/div>\n\t\t\t\t\t\t\t\t<div class=\"elementor-field-type-text elementor-field-group elementor-column elementor-field-group-Empresa elementor-col-50 elementor-field-required elementor-mark-required\">\n\t\t\t\t\t\t\t\t\t\t\t\t<label for=\"form-field-Empresa\" class=\"elementor-field-label\">\n\t\t\t\t\t\t\t\t\u516c\u53f8\u7c21\u4ecb\t\t\t\t\t\t\t<\/label>\n\t\t\t\t\t\t\t\t\t\t\t\t\t\t<input size=\"1\" type=\"text\" name=\"form_fields[Empresa]\" id=\"form-field-Empresa\" class=\"elementor-field elementor-size-sm  elementor-field-textual\" placeholder=\"\u7075\u9b42\u4f34\u4fa3\u9152\u5e97\" required=\"required\">\n\t\t\t\t\t\t\t\t\t\t\t<\/div>\n\t\t\t\t\t\t\t\t<div class=\"elementor-field-type-text elementor-field-group elementor-column elementor-field-group-RUC elementor-col-100 elementor-field-required elementor-mark-required\">\n\t\t\t\t\t\t\t\t\t\t\t\t<label for=\"form-field-RUC\" class=\"elementor-field-label\">\n\t\t\t\t\t\t\t\t\u7687\u5bb6\u4e4c\u5c14\u65af\u7279\u8b66\u5bdf\t\t\t\t\t\t\t<\/label>\n\t\t\t\t\t\t\t\t\t\t\t\t\t\t<input size=\"1\" type=\"text\" name=\"form_fields[RUC]\" id=\"form-field-RUC\" class=\"elementor-field elementor-size-sm  elementor-field-textual\" required=\"required\">\n\t\t\t\t\t\t\t\t\t\t\t<\/div>\n\t\t\t\t\t\t\t\t<div class=\"elementor-field-type-textarea elementor-field-group elementor-column elementor-field-group-Mensaje elementor-col-100\">\n\t\t\t\t\t\t\t\t\t\t\t\t<label for=\"form-field-Mensaje\" class=\"elementor-field-label\">\n\t\t\t\t\t\t\t\t\u8a0a\u606f\t\t\t\t\t\t\t<\/label>\n\t\t\t\t\t\t<textarea class=\"elementor-field-textual elementor-field  elementor-size-sm\" name=\"form_fields[Mensaje]\" id=\"form-field-Mensaje\" rows=\"3\"><\/textarea>\t\t\t\t<\/div>\n\t\t\t\t\t\t\t\t<div class=\"elementor-field-group elementor-column elementor-field-type-submit elementor-col-100 e-form__buttons\">\n\t\t\t\t\t<button class=\"elementor-button elementor-size-sm\" type=\"submit\">\n\t\t\t\t\t\t<span class=\"elementor-button-content-wrapper\">\n\t\t\t\t\t\t\t\t\t\t\t\t\t\t\t\t\t\t\t\t\t\t<span class=\"elementor-button-text\">\u53d1\u9001<\/span>\n\t\t\t\t\t\t\t\t\t\t\t\t\t<\/span>\n\t\t\t\t\t<\/button>\n\t\t\t\t<\/div>\n\t\t\t<\/div>\n\t\t<input type=\"hidden\" name=\"trp-form-language\" value=\"zh\"\/><\/form>\n\t\t\t\t\t\t<\/div>\n\t\t\t\t\t<\/div>\n\t\t\t\t<\/div>\n\t\t\t\t<\/div>","protected":false},"excerpt":{"rendered":"<p>Para estancias corporativas Entendemos las necesidades especiales de las empresas y los viajeros corporativos. Si su equipo o empresa requiere una estad\u00eda prolongada o alojamiento para varios colaboradores, ofrecemos tarifas exclusivas y servicios adaptados a sus requerimientos. Complete el formulario de contacto y recibir\u00e1s una cotizaci\u00f3n personalizada para que su estancia corporativa sea c\u00f3moda, eficiente [&hellip;]<\/p>","protected":false},"author":2,"featured_media":0,"parent":0,"menu_order":0,"comment_status":"closed","ping_status":"closed","template":"","meta":{"_acf_changed":false,"_joinchat":[],"footnotes":""},"class_list":["post-6247","page","type-page","status-publish","hentry"],"acf":[],"_links":{"self":[{"href":"https:\/\/www.soulmate-inn.com\/zh\/wp-json\/wp\/v2\/pages\/6247","targetHints":{"allow":["GET"]}}],"collection":[{"href":"https:\/\/www.soulmate-inn.com\/zh\/wp-json\/wp\/v2\/pages"}],"about":[{"href":"https:\/\/www.soulmate-inn.com\/zh\/wp-json\/wp\/v2\/types\/page"}],"author":[{"embeddable":true,"href":"https:\/\/www.soulmate-inn.com\/zh\/wp-json\/wp\/v2\/users\/2"}],"replies":[{"embeddable":true,"href":"https:\/\/www.soulmate-inn.com\/zh\/wp-json\/wp\/v2\/comments?post=6247"}],"version-history":[{"count":12,"href":"https:\/\/www.soulmate-inn.com\/zh\/wp-json\/wp\/v2\/pages\/6247\/revisions"}],"predecessor-version":[{"id":7235,"href":"https:\/\/www.soulmate-inn.com\/zh\/wp-json\/wp\/v2\/pages\/6247\/revisions\/7235"}],"wp:attachment":[{"href":"https:\/\/www.soulmate-inn.com\/zh\/wp-json\/wp\/v2\/media?parent=6247"}],"curies":[{"name":"wp","href":"https:\/\/api.w.org\/{rel}","templated":true}]}}