{"id":5513,"date":"2025-02-19T20:41:09","date_gmt":"2025-02-20T01:41:09","guid":{"rendered":"https:\/\/demos.gredich.com\/soulmateinn\/?page_id=5513"},"modified":"2025-02-19T20:43:43","modified_gmt":"2025-02-20T01:43:43","slug":"vacaciones-en-familia","status":"publish","type":"page","link":"https:\/\/www.soulmate-inn.com\/zh\/ofertas-especiales\/vacaciones-en-familia\/","title":{"rendered":"\u5bb6\u5ead\u5ea6\u5047"},"content":{"rendered":"<div data-elementor-type=\"wp-page\" data-elementor-id=\"5513\" class=\"elementor elementor-5513\" data-elementor-post-type=\"page\">\n\t\t\t\t<div class=\"elementor-element elementor-element-0e6fd84 e-flex e-con-boxed e-con e-parent\" data-id=\"0e6fd84\" data-element_type=\"container\" data-settings=\"{&quot;background_background&quot;:&quot;classic&quot;}\">\n\t\t\t\t\t<div class=\"e-con-inner\">\n\t\t\t\t<div class=\"elementor-element elementor-element-518ccb1 elementor-widget__width-initial elementor-widget elementor-widget-heading\" data-id=\"518ccb1\" data-element_type=\"widget\" data-widget_type=\"heading.default\">\n\t\t\t\t\t<h1 class=\"elementor-heading-title elementor-size-default\">\u5bb6\u5ead\u5ea6\u5047<\/h1>\t\t\t\t<\/div>\n\t\t\t\t\t<\/div>\n\t\t\t\t<\/div>\n\t\t<div class=\"elementor-element elementor-element-5a4c7ce e-flex e-con-boxed e-con e-parent\" data-id=\"5a4c7ce\" data-element_type=\"container\">\n\t\t\t\t\t<div class=\"e-con-inner\">\n\t\t<div class=\"elementor-element elementor-element-4fc7077 e-con-full e-flex e-con e-child\" data-id=\"4fc7077\" data-element_type=\"container\">\n\t\t<div class=\"elementor-element elementor-element-4a62daa e-con-full e-flex e-con e-child\" data-id=\"4a62daa\" data-element_type=\"container\">\n\t\t\t\t<div class=\"elementor-element elementor-element-436ff43 elementor-widget elementor-widget-image\" data-id=\"436ff43\" data-element_type=\"widget\" data-widget_type=\"image.default\">\n\t\t\t\t\t\t\t\t\t\t\t\t\t\t\t<img fetchpriority=\"high\" decoding=\"async\" width=\"780\" height=\"520\" src=\"https:\/\/www.soulmate-inn.com\/wp-content\/uploads\/2025\/02\/vacaciones-en-familia-en-miraflores-soul-mate-inn-1024x683.webp\" class=\"attachment-large size-large wp-image-5365\" alt=\"\" srcset=\"https:\/\/www.soulmate-inn.com\/wp-content\/uploads\/2025\/02\/vacaciones-en-familia-en-miraflores-soul-mate-inn-1024x683.webp 1024w, https:\/\/www.soulmate-inn.com\/wp-content\/uploads\/2025\/02\/vacaciones-en-familia-en-miraflores-soul-mate-inn-300x200.webp 300w, https:\/\/www.soulmate-inn.com\/wp-content\/uploads\/2025\/02\/vacaciones-en-familia-en-miraflores-soul-mate-inn-768x512.webp 768w, https:\/\/www.soulmate-inn.com\/wp-content\/uploads\/2025\/02\/vacaciones-en-familia-en-miraflores-soul-mate-inn-18x12.webp 18w, https:\/\/www.soulmate-inn.com\/wp-content\/uploads\/2025\/02\/vacaciones-en-familia-en-miraflores-soul-mate-inn-450x300.webp 450w, https:\/\/www.soulmate-inn.com\/wp-content\/uploads\/2025\/02\/vacaciones-en-familia-en-miraflores-soul-mate-inn.webp 1200w\" sizes=\"(max-width: 780px) 100vw, 780px\">\t\t\t\t\t\t\t\t\t\t\t\t\t\t\t<\/div>\n\t\t\t\t<\/div>\n\t\t<div class=\"elementor-element elementor-element-c6993b5 e-con-full e-flex e-con e-child\" data-id=\"c6993b5\" data-element_type=\"container\">\n\t\t\t\t<div class=\"elementor-element elementor-element-d465cf6 elementor-widget elementor-widget-text-editor\" data-id=\"d465cf6\" data-element_type=\"widget\" data-widget_type=\"text-editor.default\">\n\t\t\t\t\t\t\t\t\t<p>\u521b\u9020\u7684\u4ee4\u4eba\u96be\u5fd8\u7684\u8bb0\u5fc6\u4f60\u7684\u5bb6\u4eba\uff0c\u56e0\u4e3a\u4ed6\u4eec\u63a2\u7d22\u5229\u9a6c\u6700\u597d\u7684\u8212\u9002\u6027\u548c\u4f4d\u7f6e\u3002 \u8fd9\u4e2a\u63d0\u8bae\u662f\u4e13\u4e3a\u5bb6\u5ead\u5bfb\u627e\u4e50\u8da3\uff0c\u4f11\u606f\uff0c\u4ee5\u53ca\u5b89\u5168\u5728\u4e00\u4e2a\u5730\u65b9\u3002<\/p><p><strong>\u5305\u62ec\uff1a<\/strong><\/p><ul><li>3\u665a\u4f4f\u5728\u4e00\u4e2a <strong>\u56db\u4eba\u5bb6\u5ead\u7684\u623f\u95f4<\/strong>.<\/li><li><strong>\u5bfc\u6e38\u7c73\u62c9\u5f17\u6d1b\u96f7\u65af\u548c\u5df4\u5170\u79d1<\/strong> \u4e3a\u6574\u4e2a\u5bb6\u5ead\u3002<\/li><li>\u7f8e\u56fd\u65e9\u9910\u5305\u62ec\u6240\u6709\u7684\u5ba2\u4eba\u3002<\/li><li>\u514d\u8d39\u63a5\u9001\u4ece\u8be5\u673a\u573a(\u53ea\u662f\u5230\u8fbe).<\/li><li>\u5ef6\u8fdf\u9000\u81f33:00p. m\u3002<\/li><\/ul><p><strong>T&amp;C:<\/strong><\/p><p>\ud83d\udcb0 <strong>\u63a8\u5e7f\u4ef7\u683c\uff1a<\/strong> <strong>\u7f8e\u5143259.90(4\u4eba)<\/strong><\/p><p>\ud83d\udcc5 <strong>\u6709\u6548\uff0c\u76f4\u81f3\u53d1\u751f\u4e0b\u8ff0\u4efb\u4f55\u4e00\u79cd\u60c5\u5f62\uff1a<\/strong> \u670831\u65e52025<!-- notionvc: 0482c7e8-b52f-4d46-968d-9957591ee53a --><\/p><p><!-- notionvc: bf0e869a-fa4d-4cf1-809d-52dde8b26f2e --><\/p>\t\t\t\t\t\t\t\t<\/div>\n\t\t\t\t<div class=\"elementor-element elementor-element-6a334e9 elementor-widget elementor-widget-button\" data-id=\"6a334e9\" data-element_type=\"widget\" data-widget_type=\"button.default\">\n\t\t\t\t\t\t\t\t\t\t<a class=\"elementor-button elementor-button-link elementor-size-sm\" href=\"https:\/\/wa.me\/51969194291?text=%C2%A1Hola%20Soul%20Mate%20Inn%2C%20quiero%20la%20oferta%20de%20Vacaciones%20en%20Familia\" target=\"_blank\" rel=\"noopener\">\n\t\t\t\t\t\t<span class=\"elementor-button-content-wrapper\">\n\t\t\t\t\t\t\t\t\t<span class=\"elementor-button-text\">\u66f4\u591a\u4fe1\u606f<\/span>\n\t\t\t\t\t<\/span>\n\t\t\t\t\t<\/a>\n\t\t\t\t\t\t\t\t<\/div>\n\t\t\t\t<\/div>\n\t\t\t\t<\/div>\n\t\t\t\t\t<\/div>\n\t\t\t\t<\/div>\n\t\t\t\t<\/div>","protected":false},"excerpt":{"rendered":"<p>Crea recuerdos inolvidables con tu familia mientras exploran Lima con la mejor comodidad y ubicaci\u00f3n. Esta oferta est\u00e1 dise\u00f1ada para familias que buscan diversi\u00f3n, descanso y seguridad en un solo lugar. Incluye: 3 noches de alojamiento en una Habitaci\u00f3n Cu\u00e1druple Familiar. Tour guiado por Miraflores y Barranco para toda la familia. Desayuno americano incluido para [&hellip;]<\/p>","protected":false},"author":2,"featured_media":0,"parent":5449,"menu_order":0,"comment_status":"closed","ping_status":"closed","template":"","meta":{"_acf_changed":false,"_joinchat":[],"footnotes":""},"class_list":["post-5513","page","type-page","status-publish","hentry"],"acf":[],"_links":{"self":[{"href":"https:\/\/www.soulmate-inn.com\/zh\/wp-json\/wp\/v2\/pages\/5513","targetHints":{"allow":["GET"]}}],"collection":[{"href":"https:\/\/www.soulmate-inn.com\/zh\/wp-json\/wp\/v2\/pages"}],"about":[{"href":"https:\/\/www.soulmate-inn.com\/zh\/wp-json\/wp\/v2\/types\/page"}],"author":[{"embeddable":true,"href":"https:\/\/www.soulmate-inn.com\/zh\/wp-json\/wp\/v2\/users\/2"}],"replies":[{"embeddable":true,"href":"https:\/\/www.soulmate-inn.com\/zh\/wp-json\/wp\/v2\/comments?post=5513"}],"version-history":[{"count":0,"href":"https:\/\/www.soulmate-inn.com\/zh\/wp-json\/wp\/v2\/pages\/5513\/revisions"}],"up":[{"embeddable":true,"href":"https:\/\/www.soulmate-inn.com\/zh\/wp-json\/wp\/v2\/pages\/5449"}],"wp:attachment":[{"href":"https:\/\/www.soulmate-inn.com\/zh\/wp-json\/wp\/v2\/media?parent=5513"}],"curies":[{"name":"wp","href":"https:\/\/api.w.org\/{rel}","templated":true}]}}