{"id":5451,"date":"2025-02-19T17:47:06","date_gmt":"2025-02-19T22:47:06","guid":{"rendered":"https:\/\/demos.gredich.com\/soulmateinn\/?page_id=5451"},"modified":"2025-02-19T20:38:31","modified_gmt":"2025-02-20T01:38:31","slug":"escapada-romantica-en-miraflores","status":"publish","type":"page","link":"https:\/\/www.soulmate-inn.com\/zh\/ofertas-especiales\/escapada-romantica-en-miraflores\/","title":{"rendered":"\u6d6a\u6f2b\u4e4b\u65c5\u3002"},"content":{"rendered":"<div data-elementor-type=\"wp-page\" data-elementor-id=\"5451\" class=\"elementor elementor-5451\" data-elementor-post-type=\"page\">\n\t\t\t\t<div class=\"elementor-element elementor-element-0e6fd84 e-flex e-con-boxed e-con e-parent\" data-id=\"0e6fd84\" data-element_type=\"container\" data-settings=\"{&quot;background_background&quot;:&quot;classic&quot;}\">\n\t\t\t\t\t<div class=\"e-con-inner\">\n\t\t\t\t<div class=\"elementor-element elementor-element-518ccb1 elementor-widget__width-initial elementor-widget elementor-widget-heading\" data-id=\"518ccb1\" data-element_type=\"widget\" data-widget_type=\"heading.default\">\n\t\t\t\t\t<h1 class=\"elementor-heading-title elementor-size-default\">\u6d6a\u6f2b\u4e4b\u65c5\u3002<\/h1>\t\t\t\t<\/div>\n\t\t\t\t\t<\/div>\n\t\t\t\t<\/div>\n\t\t<div class=\"elementor-element elementor-element-5a4c7ce e-flex e-con-boxed e-con e-parent\" data-id=\"5a4c7ce\" data-element_type=\"container\">\n\t\t\t\t\t<div class=\"e-con-inner\">\n\t\t<div class=\"elementor-element elementor-element-4fc7077 e-con-full e-flex e-con e-child\" data-id=\"4fc7077\" data-element_type=\"container\">\n\t\t<div class=\"elementor-element elementor-element-4a62daa e-con-full e-flex e-con e-child\" data-id=\"4a62daa\" data-element_type=\"container\">\n\t\t\t\t<div class=\"elementor-element elementor-element-436ff43 elementor-widget elementor-widget-image\" data-id=\"436ff43\" data-element_type=\"widget\" data-widget_type=\"image.default\">\n\t\t\t\t\t\t\t\t\t\t\t\t\t\t\t<img fetchpriority=\"high\" decoding=\"async\" width=\"780\" height=\"520\" src=\"https:\/\/www.soulmate-inn.com\/wp-content\/uploads\/2025\/02\/escapada-romantica-en-miraflores-soul-mate-inn-1024x683.webp\" class=\"attachment-large size-large wp-image-5364\" alt=\"\" srcset=\"https:\/\/www.soulmate-inn.com\/wp-content\/uploads\/2025\/02\/escapada-romantica-en-miraflores-soul-mate-inn-1024x683.webp 1024w, https:\/\/www.soulmate-inn.com\/wp-content\/uploads\/2025\/02\/escapada-romantica-en-miraflores-soul-mate-inn-300x200.webp 300w, https:\/\/www.soulmate-inn.com\/wp-content\/uploads\/2025\/02\/escapada-romantica-en-miraflores-soul-mate-inn-768x512.webp 768w, https:\/\/www.soulmate-inn.com\/wp-content\/uploads\/2025\/02\/escapada-romantica-en-miraflores-soul-mate-inn-18x12.webp 18w, https:\/\/www.soulmate-inn.com\/wp-content\/uploads\/2025\/02\/escapada-romantica-en-miraflores-soul-mate-inn-450x300.webp 450w, https:\/\/www.soulmate-inn.com\/wp-content\/uploads\/2025\/02\/escapada-romantica-en-miraflores-soul-mate-inn.webp 1200w\" sizes=\"(max-width: 780px) 100vw, 780px\">\t\t\t\t\t\t\t\t\t\t\t\t\t\t\t<\/div>\n\t\t\t\t<\/div>\n\t\t<div class=\"elementor-element elementor-element-c6993b5 e-con-full e-flex e-con e-child\" data-id=\"c6993b5\" data-element_type=\"container\">\n\t\t\t\t<div class=\"elementor-element elementor-element-d465cf6 elementor-widget elementor-widget-text-editor\" data-id=\"d465cf6\" data-element_type=\"widget\" data-widget_type=\"text-editor.default\">\n\t\t\t\t\t\t\t\t\t<p>\u60ca\u8bb6\u4f60\u7684\u5408\u4f5c\u4f19\u4f34\u4e0e\u4e00\u4e2a\u96be\u5fd8\u7684\u7ecf\u5386\u4e2d\u5fc3\u7684Miraflores\u3002 \u4eab\u53d7\u4f4f\u7684 <strong>2\u4e2a\u665a\u4e0a\u5728\u6211\u4eec\u7684\u5c0f\u5957\u623f<\/strong>\u6709\u4e00\u4e2a\u6e29\u99a8\u7684\u6c1b\u56f4\u548c\u7ec6\u8282\u7528\u4e8e\u6d6a\u6f2b\u3002<\/p><p><strong>\u5305\u62ec\uff1a<\/strong><\/p><ul><li>\u6d6a\u6f2b\u665a\u9910\u4e24\u4e2a\u5728\u6211\u4eec\u7684\u5496\u5561\u5427\u3002<\/li><li>\u7279\u6b8a\u88c5\u9970\u4e0e\u73ab\u7470\u82b1\u74e3\u548c\u9999\u5473\u8721\u70db\u3002<\/li><li>\u7f8e\u56fd\u7684\u65e9\u9910\u5728\u623f\u95f4\u3002<\/li><li>\u5ef6\u8fdf\u9000\u81f33:00p. m\u3002<\/li><\/ul><p><strong>T&amp;C:<\/strong><\/p><p>\ud83d\udcb0 <strong>\u63a8\u5e7f\u4ef7\u683c\uff1a<\/strong> <strong>\u7f8e\u5143149.90\u6bcf\u5bf9\u592b\u5987<br \/><\/strong>\ud83d\udcc5 <strong>\u6709\u6548\uff0c\u76f4\u81f3\u53d1\u751f\u4e0b\u8ff0\u4efb\u4f55\u4e00\u79cd\u60c5\u5f62\uff1a<\/strong> \u670831\u65e52025<\/p><p><!-- notionvc: bf0e869a-fa4d-4cf1-809d-52dde8b26f2e --><\/p>\t\t\t\t\t\t\t\t<\/div>\n\t\t\t\t<div class=\"elementor-element elementor-element-6a334e9 elementor-widget elementor-widget-button\" data-id=\"6a334e9\" data-element_type=\"widget\" data-widget_type=\"button.default\">\n\t\t\t\t\t\t\t\t\t\t<a class=\"elementor-button elementor-button-link elementor-size-sm\" href=\"https:\/\/wa.me\/51969194291?text=%C2%A1Hola%20Soul%20Mate%20Inn%2C%20quiero%20la%20oferta%20de%202%20Noches%20en%20Junior%20Suite\" target=\"_blank\" rel=\"noopener\">\n\t\t\t\t\t\t<span class=\"elementor-button-content-wrapper\">\n\t\t\t\t\t\t\t\t\t<span class=\"elementor-button-text\">\u66f4\u591a\u4fe1\u606f<\/span>\n\t\t\t\t\t<\/span>\n\t\t\t\t\t<\/a>\n\t\t\t\t\t\t\t\t<\/div>\n\t\t\t\t<\/div>\n\t\t\t\t<\/div>\n\t\t\t\t\t<\/div>\n\t\t\t\t<\/div>\n\t\t\t\t<\/div>","protected":false},"excerpt":{"rendered":"<p>Escapada Rom\u00e1ntica en Miraflores Sorprende a tu pareja con una experiencia inolvidable en el coraz\u00f3n de Miraflores. Disfruta de una estad\u00eda de 2 noches en nuestra Junior Suite, con un ambiente acogedor y detalles pensados para el romance. Incluye: Cena rom\u00e1ntica para dos en nuestro caf\u00e9-bar. Decoraci\u00f3n especial con p\u00e9talos de rosa y velas arom\u00e1ticas. [&hellip;]<\/p>","protected":false},"author":2,"featured_media":0,"parent":5449,"menu_order":0,"comment_status":"closed","ping_status":"closed","template":"","meta":{"_acf_changed":false,"_joinchat":[],"footnotes":""},"class_list":["post-5451","page","type-page","status-publish","hentry"],"acf":[],"_links":{"self":[{"href":"https:\/\/www.soulmate-inn.com\/zh\/wp-json\/wp\/v2\/pages\/5451","targetHints":{"allow":["GET"]}}],"collection":[{"href":"https:\/\/www.soulmate-inn.com\/zh\/wp-json\/wp\/v2\/pages"}],"about":[{"href":"https:\/\/www.soulmate-inn.com\/zh\/wp-json\/wp\/v2\/types\/page"}],"author":[{"embeddable":true,"href":"https:\/\/www.soulmate-inn.com\/zh\/wp-json\/wp\/v2\/users\/2"}],"replies":[{"embeddable":true,"href":"https:\/\/www.soulmate-inn.com\/zh\/wp-json\/wp\/v2\/comments?post=5451"}],"version-history":[{"count":0,"href":"https:\/\/www.soulmate-inn.com\/zh\/wp-json\/wp\/v2\/pages\/5451\/revisions"}],"up":[{"embeddable":true,"href":"https:\/\/www.soulmate-inn.com\/zh\/wp-json\/wp\/v2\/pages\/5449"}],"wp:attachment":[{"href":"https:\/\/www.soulmate-inn.com\/zh\/wp-json\/wp\/v2\/media?parent=5451"}],"curies":[{"name":"wp","href":"https:\/\/api.w.org\/{rel}","templated":true}]}}