{"id":5451,"date":"2025-02-19T17:47:06","date_gmt":"2025-02-19T22:47:06","guid":{"rendered":"https:\/\/demos.gredich.com\/soulmateinn\/?page_id=5451"},"modified":"2025-02-19T20:38:31","modified_gmt":"2025-02-20T01:38:31","slug":"escapada-romantica-en-miraflores","status":"publish","type":"page","link":"https:\/\/www.soulmate-inn.com\/fr\/ofertas-especiales\/escapada-romantica-en-miraflores\/","title":{"rendered":"Escapade romantique dans le quartier de Miraflores"},"content":{"rendered":"<div data-elementor-type=\"wp-page\" data-elementor-id=\"5451\" class=\"elementor elementor-5451\" data-elementor-post-type=\"page\">\n\t\t\t\t<div class=\"elementor-element elementor-element-0e6fd84 e-flex e-con-boxed e-con e-parent\" data-id=\"0e6fd84\" data-element_type=\"container\" data-settings=\"{&quot;background_background&quot;:&quot;classic&quot;}\">\n\t\t\t\t\t<div class=\"e-con-inner\">\n\t\t\t\t<div class=\"elementor-element elementor-element-518ccb1 elementor-widget__width-initial elementor-widget elementor-widget-heading\" data-id=\"518ccb1\" data-element_type=\"widget\" data-widget_type=\"heading.default\">\n\t\t\t\t\t<h1 class=\"elementor-heading-title elementor-size-default\">Escapade romantique dans le quartier de Miraflores<\/h1>\t\t\t\t<\/div>\n\t\t\t\t\t<\/div>\n\t\t\t\t<\/div>\n\t\t<div class=\"elementor-element elementor-element-5a4c7ce e-flex e-con-boxed e-con e-parent\" data-id=\"5a4c7ce\" data-element_type=\"container\">\n\t\t\t\t\t<div class=\"e-con-inner\">\n\t\t<div class=\"elementor-element elementor-element-4fc7077 e-con-full e-flex e-con e-child\" data-id=\"4fc7077\" data-element_type=\"container\">\n\t\t<div class=\"elementor-element elementor-element-4a62daa e-con-full e-flex e-con e-child\" data-id=\"4a62daa\" data-element_type=\"container\">\n\t\t\t\t<div class=\"elementor-element elementor-element-436ff43 elementor-widget elementor-widget-image\" data-id=\"436ff43\" data-element_type=\"widget\" data-widget_type=\"image.default\">\n\t\t\t\t\t\t\t\t\t\t\t\t\t\t\t<img fetchpriority=\"high\" decoding=\"async\" width=\"780\" height=\"520\" src=\"https:\/\/www.soulmate-inn.com\/wp-content\/uploads\/2025\/02\/escapada-romantica-en-miraflores-soul-mate-inn-1024x683.webp\" class=\"attachment-large size-large wp-image-5364\" alt=\"\" srcset=\"https:\/\/www.soulmate-inn.com\/wp-content\/uploads\/2025\/02\/escapada-romantica-en-miraflores-soul-mate-inn-1024x683.webp 1024w, https:\/\/www.soulmate-inn.com\/wp-content\/uploads\/2025\/02\/escapada-romantica-en-miraflores-soul-mate-inn-300x200.webp 300w, https:\/\/www.soulmate-inn.com\/wp-content\/uploads\/2025\/02\/escapada-romantica-en-miraflores-soul-mate-inn-768x512.webp 768w, https:\/\/www.soulmate-inn.com\/wp-content\/uploads\/2025\/02\/escapada-romantica-en-miraflores-soul-mate-inn-18x12.webp 18w, https:\/\/www.soulmate-inn.com\/wp-content\/uploads\/2025\/02\/escapada-romantica-en-miraflores-soul-mate-inn-450x300.webp 450w, https:\/\/www.soulmate-inn.com\/wp-content\/uploads\/2025\/02\/escapada-romantica-en-miraflores-soul-mate-inn.webp 1200w\" sizes=\"(max-width: 780px) 100vw, 780px\">\t\t\t\t\t\t\t\t\t\t\t\t\t\t\t<\/div>\n\t\t\t\t<\/div>\n\t\t<div class=\"elementor-element elementor-element-c6993b5 e-con-full e-flex e-con e-child\" data-id=\"c6993b5\" data-element_type=\"container\">\n\t\t\t\t<div class=\"elementor-element elementor-element-d465cf6 elementor-widget elementor-widget-text-editor\" data-id=\"d465cf6\" data-element_type=\"widget\" data-widget_type=\"text-editor.default\">\n\t\t\t\t\t\t\t\t\t<p>Surprenez votre partenaire avec une exp\u00e9rience inoubliable dans le coeur de Miraflores. Profitez d&#039;un s\u00e9jour de <strong>2 nuits en Suite Junior<\/strong>avec une atmosph\u00e8re confortable et de d\u00e9tails destin\u00e9s \u00e0 la romance.<\/p><p><strong>Comprend:<\/strong><\/p><ul><li>D\u00eener romantique pour deux dans notre caf\u00e9-bar.<\/li><li>D\u00e9coration sp\u00e9ciale avec des p\u00e9tales de rose et des bougies parfum\u00e9es.<\/li><li>Petit d\u00e9jeuner am\u00e9ricain servi dans la chambre.<\/li><li>Late check-out jusqu&#039;\u00e0 3:00 p. m.<\/li><\/ul><p><strong>T&amp;C:<\/strong><\/p><p>\ud83d\udcb0 <strong>Prix promotionnel:<\/strong> <strong>USD 149.90 par couple<br \/><\/strong>\ud83d\udcc5 <strong>Valable jusqu&#039;au:<\/strong> Le 31 mars 2025<\/p><p><!-- notionvc: bf0e869a-fa4d-4cf1-809d-52dde8b26f2e --><\/p>\t\t\t\t\t\t\t\t<\/div>\n\t\t\t\t<div class=\"elementor-element elementor-element-6a334e9 elementor-widget elementor-widget-button\" data-id=\"6a334e9\" data-element_type=\"widget\" data-widget_type=\"button.default\">\n\t\t\t\t\t\t\t\t\t\t<a class=\"elementor-button elementor-button-link elementor-size-sm\" href=\"https:\/\/wa.me\/51969194291?text=%C2%A1Hola%20Soul%20Mate%20Inn%2C%20quiero%20la%20oferta%20de%202%20Noches%20en%20Junior%20Suite\" target=\"_blank\" rel=\"noopener\">\n\t\t\t\t\t\t<span class=\"elementor-button-content-wrapper\">\n\t\t\t\t\t\t\t\t\t<span class=\"elementor-button-text\">Plus d&#039;informations<\/span>\n\t\t\t\t\t<\/span>\n\t\t\t\t\t<\/a>\n\t\t\t\t\t\t\t\t<\/div>\n\t\t\t\t<\/div>\n\t\t\t\t<\/div>\n\t\t\t\t\t<\/div>\n\t\t\t\t<\/div>\n\t\t\t\t<\/div>","protected":false},"excerpt":{"rendered":"<p>Escapada Rom\u00e1ntica en Miraflores Sorprende a tu pareja con una experiencia inolvidable en el coraz\u00f3n de Miraflores. Disfruta de una estad\u00eda de 2 noches en nuestra Junior Suite, con un ambiente acogedor y detalles pensados para el romance. Incluye: Cena rom\u00e1ntica para dos en nuestro caf\u00e9-bar. Decoraci\u00f3n especial con p\u00e9talos de rosa y velas arom\u00e1ticas. [&hellip;]<\/p>","protected":false},"author":2,"featured_media":0,"parent":5449,"menu_order":0,"comment_status":"closed","ping_status":"closed","template":"","meta":{"_acf_changed":false,"_joinchat":[],"footnotes":""},"class_list":["post-5451","page","type-page","status-publish","hentry"],"acf":[],"_links":{"self":[{"href":"https:\/\/www.soulmate-inn.com\/fr\/wp-json\/wp\/v2\/pages\/5451","targetHints":{"allow":["GET"]}}],"collection":[{"href":"https:\/\/www.soulmate-inn.com\/fr\/wp-json\/wp\/v2\/pages"}],"about":[{"href":"https:\/\/www.soulmate-inn.com\/fr\/wp-json\/wp\/v2\/types\/page"}],"author":[{"embeddable":true,"href":"https:\/\/www.soulmate-inn.com\/fr\/wp-json\/wp\/v2\/users\/2"}],"replies":[{"embeddable":true,"href":"https:\/\/www.soulmate-inn.com\/fr\/wp-json\/wp\/v2\/comments?post=5451"}],"version-history":[{"count":0,"href":"https:\/\/www.soulmate-inn.com\/fr\/wp-json\/wp\/v2\/pages\/5451\/revisions"}],"up":[{"embeddable":true,"href":"https:\/\/www.soulmate-inn.com\/fr\/wp-json\/wp\/v2\/pages\/5449"}],"wp:attachment":[{"href":"https:\/\/www.soulmate-inn.com\/fr\/wp-json\/wp\/v2\/media?parent=5451"}],"curies":[{"name":"wp","href":"https:\/\/api.w.org\/{rel}","templated":true}]}}